{"id":92,"date":"2007-11-11T21:52:08","date_gmt":"2007-11-11T20:52:08","guid":{"rendered":"http:\/\/www.skelleftejazz.nu\/?page_id=92"},"modified":"2025-01-25T00:00:43","modified_gmt":"2025-01-24T23:00:43","slug":"bli-medlem","status":"publish","type":"page","link":"https:\/\/www.skelleftejazz.se\/?page_id=92","title":{"rendered":"Bli medlem"},"content":{"rendered":"\n<p>F\u00f6r att bli medlem s\u00e5 anm\u00e4ler du bara ditt intresse genom att klicka h\u00e4r &#8211;> \u00a0<strong><a href=\"https:\/\/docs.google.com\/forms\/d\/1ut5t2kfDJvse8_oVuNVXGrNS5ZQkEgFTYaS2dczTi20\/viewform?usp=send_form\" target=\"_blank\" rel=\"noopener\">Blankett<\/a><\/strong> <\/p>\n\n\n\n<p>Ange noga din fullst\u00e4ndiga adress och g\u00e4rna telefon och mail. <\/p>\n\n\n\n<p>Du kan ocks\u00e5 anm\u00e4la ditt intresse i kassan p\u00e5 n\u00e5got av v\u00e5ra Jazzkaf\u00e9er.<\/p>\n\n\n\n<p>Priset best\u00e4ms p\u00e5 \u00e5rsm\u00f6tet varje \u00e5r och \u00e4r just nu 250 kr\/\u00e5r och dina f\u00f6rm\u00e5ner \u00e4r:<br>&#8211; gratis intr\u00e4de p\u00e5 minst ett jazzkaf\u00e9 varje \u00e5r <br>&#8211; rabatt p\u00e5 v\u00e5ra konserter.\u00a0<br><\/p>\n","protected":false},"excerpt":{"rendered":"<p>F\u00f6r att bli medlem s\u00e5 anm\u00e4ler du bara ditt intresse genom att klicka h\u00e4r &#8211;> \u00a0Blankett Ange noga din fullst\u00e4ndiga adress och g\u00e4rna telefon och mail. Du kan ocks\u00e5 anm\u00e4la ditt intresse i kassan p\u00e5 n\u00e5got av v\u00e5ra Jazzkaf\u00e9er. Priset best\u00e4ms p\u00e5 \u00e5rsm\u00f6tet varje \u00e5r och \u00e4r just nu 250 kr\/\u00e5r och dina f\u00f6rm\u00e5ner \u00e4r:&#8211;&hellip; <a href=\"https:\/\/www.skelleftejazz.se\/?page_id=92\" class=\"read-more\">Forts\u00e4tt l\u00e4sa Bli medlem<\/a><\/p>\n","protected":false},"author":2,"featured_media":0,"parent":0,"menu_order":0,"comment_status":"closed","ping_status":"closed","template":"templates\/no-sidebar.php","meta":{"footnotes":""},"class_list":["post-92","page","type-page","status-publish","hentry"],"_links":{"self":[{"href":"https:\/\/www.skelleftejazz.se\/index.php?rest_route=\/wp\/v2\/pages\/92","targetHints":{"allow":["GET"]}}],"collection":[{"href":"https:\/\/www.skelleftejazz.se\/index.php?rest_route=\/wp\/v2\/pages"}],"about":[{"href":"https:\/\/www.skelleftejazz.se\/index.php?rest_route=\/wp\/v2\/types\/page"}],"author":[{"embeddable":true,"href":"https:\/\/www.skelleftejazz.se\/index.php?rest_route=\/wp\/v2\/users\/2"}],"replies":[{"embeddable":true,"href":"https:\/\/www.skelleftejazz.se\/index.php?rest_route=%2Fwp%2Fv2%2Fcomments&post=92"}],"version-history":[{"count":18,"href":"https:\/\/www.skelleftejazz.se\/index.php?rest_route=\/wp\/v2\/pages\/92\/revisions"}],"predecessor-version":[{"id":5547,"href":"https:\/\/www.skelleftejazz.se\/index.php?rest_route=\/wp\/v2\/pages\/92\/revisions\/5547"}],"wp:attachment":[{"href":"https:\/\/www.skelleftejazz.se\/index.php?rest_route=%2Fwp%2Fv2%2Fmedia&parent=92"}],"curies":[{"name":"wp","href":"https:\/\/api.w.org\/{rel}","templated":true}]}}