{"id":820,"date":"2007-01-07T17:29:49","date_gmt":"2007-01-07T16:29:49","guid":{"rendered":"http:\/\/www.skelleftejazz.se\/?page_id=820"},"modified":"2023-08-20T11:47:28","modified_gmt":"2023-08-20T10:47:28","slug":"about-2","status":"publish","type":"page","link":"https:\/\/www.skelleftejazz.se\/?page_id=820","title":{"rendered":"Om&#8230;"},"content":{"rendered":"<figure id=\"attachment_2836\" aria-describedby=\"caption-attachment-2836\" style=\"width: 274px\" class=\"wp-caption alignleft\"><a href=\"https:\/\/www.skelleftejazz.se\/wp-content\/uploads\/2015\/01\/IMG_4208.jpg\"><img loading=\"lazy\" decoding=\"async\" class=\"wp-image-2836 size-medium\" src=\"https:\/\/www.skelleftejazz.se\/wp-content\/uploads\/2015\/01\/IMG_4208-274x300.jpg\" alt=\"Melissa Aldana\" width=\"274\" height=\"300\" srcset=\"https:\/\/www.skelleftejazz.se\/wp-content\/uploads\/2015\/01\/IMG_4208-274x300.jpg 274w, https:\/\/www.skelleftejazz.se\/wp-content\/uploads\/2015\/01\/IMG_4208-768x840.jpg 768w, https:\/\/www.skelleftejazz.se\/wp-content\/uploads\/2015\/01\/IMG_4208-936x1024.jpg 936w\" sizes=\"auto, (max-width: 274px) 100vw, 274px\" \/><\/a><figcaption id=\"caption-attachment-2836\" class=\"wp-caption-text\">Melissa Aldana<\/figcaption><\/figure>\n<p>Jazzklubben Boston fick namnet efter den danslokal i Skellefte\u00e5 d\u00e4r jazzen i m\u00e5ngt och mycket huserade p\u00e5 50-talet. Den var bel\u00e4gen i korsningen Kanalgatan \u2013 Viktoriagatan. (Se bild nedan) I dag arbetar Jazzklubben med allt som befr\u00e4mjar utbudet av jazzmusik i Skellefte\u00e5 med omnejd. Det betyder att vi ordnar konserter och jazzkaf\u00e9er och andra typer av evenemang som har med jazz och blues i sin vidaste bem\u00e4rkelse att g\u00f6ra.<\/p>\n<p>Det av Elmer Granlund en g\u00e5ng etablerade l\u00f6rdagskaf\u00e9erna lever vidare, numera p\u00e5 restaurang \u00c4lvy. Finns p\u00e5 Campus Skellefte\u00e5 med vacker utsikt \u00f6ver \u00e4lven.<\/p>\n<p>Vi f\u00f6rs\u00f6ker b\u00e5de att hitta speltillf\u00e4llen till alla duktiga fritidsmusiker p\u00e5 hemmaplan och locka hit professionella musiker fr\u00e5n n\u00e4r och fj\u00e4rran. Vi s\u00f6ker naturligtvis samarbete med klubbarna i Norrbotten, V\u00e4sterbotten och V\u00e4sternorrland.<\/p>\n<p><strong>Extra f\u00f6rm\u00e5ner till ungdomar.<\/strong><br \/>\nGratis intr\u00e4de p\u00e5 l\u00f6rdagskaf\u00e9erna f\u00f6r studerande samt s\u00e5 bra rabatter p\u00e5 v\u00e5ra konserter som m\u00f6jligt. Oftast noll kronor. Undantag kan vara f\u00f6rest\u00e4llningar med platsbokning. Du m\u00e5ste p\u00e5 ett rimligt s\u00e4tt kunna styrka att du \u00e4r studerande och ung.<\/p>\n<p><strong>Bes\u00f6kande!<\/strong><br \/>\nMedlem fr\u00e5n annan jazzklubb har samma f\u00f6rm\u00e5ner n\u00e4r det g\u00e4ller intr\u00e4de som v\u00e5ra egna medlemmar. Uppvisa bara medlemskort.<\/p>\n<p><strong>Uppdatera dig via mejl.<\/strong><br \/>\nAlla medlemmar som meddelat sin mejladress f\u00e5r sedan ett mail varje g\u00e5ng hemsidan uppdateras. \u00a0Vi har v\u00e4ldigt m\u00e5nga EJ FUNGERANDE mejladresser i v\u00e5rt register. Det kan bero p\u00e5 att folk byter adress eller har skickat in en felaktig uppgift eller att vi stavat fel. F\u00e5r du inga mejl fast du tycker du borde f\u00e5 det s\u00e5 h\u00f6r av dig s\u00e5 s\u00e4tter vi upp dig p\u00e5 listan p\u00e5 nytt!<\/p>\n<p>Du kan ocks\u00e5 gilla oss p\u00e5 <a href=\"https:\/\/www.facebook.com\/groups\/157339271027807\/\" target=\"_blank\" rel=\"noopener\">Facebook<\/a>. Det \u00e4r b\u00e4sta s\u00e4ttet att f\u00e5 kontinuerlig information.<\/p>\n<p>Se ocks\u00e5 under menyn <a href=\"https:\/\/www.skelleftejazz.se\/?page_id=21\"><strong>Styrelsen<\/strong> <\/a>och <strong><a href=\"https:\/\/www.skelleftejazz.se\/?page_id=22\">Spela hos oss<\/a><\/strong>.<\/p>\n<p>Antagligen sista bilden p\u00e5 gamla Boston:<a href=\"https:\/\/www.skelleftejazz.se\/wp-content\/uploads\/2014\/11\/cropped-Boston1.jpg\"><img loading=\"lazy\" decoding=\"async\" class=\"alignright size-full wp-image-2352\" src=\"https:\/\/www.skelleftejazz.se\/wp-content\/uploads\/2014\/11\/cropped-Boston1.jpg\" alt=\"\" width=\"940\" height=\"197\" srcset=\"https:\/\/www.skelleftejazz.se\/wp-content\/uploads\/2014\/11\/cropped-Boston1.jpg 940w, https:\/\/www.skelleftejazz.se\/wp-content\/uploads\/2014\/11\/cropped-Boston1-300x62.jpg 300w\" sizes=\"auto, (max-width: 940px) 100vw, 940px\" \/><\/a><\/p>\n","protected":false},"excerpt":{"rendered":"<p>Jazzklubben Boston fick namnet efter den danslokal i Skellefte\u00e5 d\u00e4r jazzen i m\u00e5ngt och mycket huserade p\u00e5 50-talet. Den var bel\u00e4gen i korsningen Kanalgatan \u2013 Viktoriagatan. (Se bild nedan) I dag arbetar Jazzklubben med allt som befr\u00e4mjar utbudet av jazzmusik i Skellefte\u00e5 med omnejd. Det betyder att vi ordnar konserter och jazzkaf\u00e9er och andra typer&hellip; <a href=\"https:\/\/www.skelleftejazz.se\/?page_id=820\" class=\"read-more\">Forts\u00e4tt l\u00e4sa Om&#8230;<\/a><\/p>\n","protected":false},"author":2,"featured_media":0,"parent":20,"menu_order":0,"comment_status":"closed","ping_status":"closed","template":"templates\/no-sidebar.php","meta":{"footnotes":""},"class_list":["post-820","page","type-page","status-publish","hentry"],"_links":{"self":[{"href":"https:\/\/www.skelleftejazz.se\/index.php?rest_route=\/wp\/v2\/pages\/820","targetHints":{"allow":["GET"]}}],"collection":[{"href":"https:\/\/www.skelleftejazz.se\/index.php?rest_route=\/wp\/v2\/pages"}],"about":[{"href":"https:\/\/www.skelleftejazz.se\/index.php?rest_route=\/wp\/v2\/types\/page"}],"author":[{"embeddable":true,"href":"https:\/\/www.skelleftejazz.se\/index.php?rest_route=\/wp\/v2\/users\/2"}],"replies":[{"embeddable":true,"href":"https:\/\/www.skelleftejazz.se\/index.php?rest_route=%2Fwp%2Fv2%2Fcomments&post=820"}],"version-history":[{"count":13,"href":"https:\/\/www.skelleftejazz.se\/index.php?rest_route=\/wp\/v2\/pages\/820\/revisions"}],"predecessor-version":[{"id":5056,"href":"https:\/\/www.skelleftejazz.se\/index.php?rest_route=\/wp\/v2\/pages\/820\/revisions\/5056"}],"up":[{"embeddable":true,"href":"https:\/\/www.skelleftejazz.se\/index.php?rest_route=\/wp\/v2\/pages\/20"}],"wp:attachment":[{"href":"https:\/\/www.skelleftejazz.se\/index.php?rest_route=%2Fwp%2Fv2%2Fmedia&parent=820"}],"curies":[{"name":"wp","href":"https:\/\/api.w.org\/{rel}","templated":true}]}}