{"id":5342,"date":"2024-06-04T13:26:37","date_gmt":"2024-06-04T12:26:37","guid":{"rendered":"https:\/\/www.skelleftejazz.se\/?page_id=5342"},"modified":"2026-04-05T21:38:23","modified_gmt":"2026-04-05T20:38:23","slug":"aktuellt-program-2","status":"publish","type":"page","link":"https:\/\/www.skelleftejazz.se\/?page_id=5342","title":{"rendered":"Aktuellt program"},"content":{"rendered":"\n<h2 class=\"wp-block-heading\">V\u00e5ren 2026<\/h2>\n\n\n\n<p><em>H\u00e4r nedan hittar du v\u00e5rens program. Som vanligt blir de flesta evenemangen p\u00e5 restaurang DFC (Din Fest p\u00e5 Campus) kl 13:00. Denna termin blir det <strong>l\u00f6rdagar udda veckor<\/strong> om inte annat annonseras. Intr\u00e4de erl\u00e4gger man vid d\u00f6rren. Kort eller swish. 150 kr f\u00f6r medlem och 200 f\u00f6r \u00f6vriga. Ungdom gratis. Restaurangen har gott om fika, matiga mackor och ofta n\u00e5gon soppa. Fullst\u00e4ndiga r\u00e4ttigheter. Adress Laboratorgr\u00e4nd 11, Skellefte\u00e5 med vacker utsikt \u00f6ver \u00e4lven.<\/em><\/p>\n\n\n\n<hr class=\"wp-block-separator has-alpha-channel-opacity\"\/>\n\n\n\n<h2 class=\"wp-block-heading\">L\u00f6rdag 14 februari 13:00 Jazzkaf\u00e9, Patrik Boman&nbsp;Seven Piece Machine<\/h2>\n\n\n\n<figure class=\"wp-block-image size-full\"><img loading=\"lazy\" decoding=\"async\" width=\"755\" height=\"509\" src=\"https:\/\/www.skelleftejazz.se\/wp-content\/uploads\/2026\/01\/Patrik-Boman-Seven-Piece-Machine-foto-Tuva-Boman.jpeg\" alt=\"\" class=\"wp-image-5778\" srcset=\"https:\/\/www.skelleftejazz.se\/wp-content\/uploads\/2026\/01\/Patrik-Boman-Seven-Piece-Machine-foto-Tuva-Boman.jpeg 755w, https:\/\/www.skelleftejazz.se\/wp-content\/uploads\/2026\/01\/Patrik-Boman-Seven-Piece-Machine-foto-Tuva-Boman-300x202.jpeg 300w\" sizes=\"auto, (max-width: 755px) 100vw, 755px\" \/><\/figure>\n\n\n\n<p>Bandet \u00e4r efter tre skivor, ett or\u00e4kneligt antal turn\u00e9er, radio o TV-inspelningar, konserter och klubbgig samt en 15 \u00e5r l\u00e5ng paus tillbaka, lika spelsugna som alltid och hungrigare \u00e4n n\u00e5gonsin. <\/p>\n\n\n\n<p>Med en knippe nyskriven musik tillsammans med musik fr\u00e5n bandets tre skivor bjuds p\u00e5 en resa genom jazzens historia, nutid och framtid.<br>Line up: <strong>Hampus Adami<\/strong>&nbsp;\u2013&nbsp;<em>trombon<\/em>, <strong>Fredrik Lindborg<\/strong>&nbsp;\u2013&nbsp;<em>klarinetter och saxofoner<\/em>, <strong>Erik Tengholm<\/strong>&nbsp;\u2013<em>&nbsp;trumpet<\/em>, <strong>Anders Ekholm<\/strong>&nbsp;\u2013<em>&nbsp;tenorsax o sopransax<\/em>, <strong>Carl Orrje<\/strong>&nbsp;\u2013<em>&nbsp;piano<\/em>, <strong>Harry Wallin<\/strong>&nbsp;\u2013&nbsp;<em>trummor<\/em>, <strong>Patrik Boman<\/strong>&nbsp;\u2013<em>&nbsp;kontrabas<\/em><\/p>\n\n\n\n<p>Ett ljudprov till &#8211;&gt; <a href=\"https:\/\/www.youtube.com\/watch?v=pD30yFd7qhw\" target=\"_blank\" rel=\"noreferrer noopener\"><strong>Prolouge<\/strong><\/a> H\u00e4r ett ljudprov till &#8211;&gt; <a href=\"https:\/\/www.youtube.com\/watch?v=ZeG4OqflyXA\" data-type=\"link\" data-id=\"https:\/\/www.youtube.com\/watch?v=ZeG4OqflyXA\" target=\"_blank\" rel=\"noreferrer noopener\"><strong>Undercover<\/strong><\/a> <\/p>\n\n\n\n<hr class=\"wp-block-separator has-alpha-channel-opacity\"\/>\n\n\n\n<h2 class=\"wp-block-heading\">L\u00f6rdag 28 februari 13:00 Jazzkaf\u00e9, Bengt Ek kvintett<\/h2>\n\n\n\n<div class=\"wp-block-media-text is-stacked-on-mobile\"><figure class=\"wp-block-media-text__media\"><img loading=\"lazy\" decoding=\"async\" width=\"1024\" height=\"745\" src=\"https:\/\/www.skelleftejazz.se\/wp-content\/uploads\/2026\/01\/ek-1024x745.jpg\" alt=\"\" class=\"wp-image-5780 size-full\" srcset=\"https:\/\/www.skelleftejazz.se\/wp-content\/uploads\/2026\/01\/ek-1024x745.jpg 1024w, https:\/\/www.skelleftejazz.se\/wp-content\/uploads\/2026\/01\/ek-300x218.jpg 300w, https:\/\/www.skelleftejazz.se\/wp-content\/uploads\/2026\/01\/ek-768x559.jpg 768w, https:\/\/www.skelleftejazz.se\/wp-content\/uploads\/2026\/01\/ek-1536x1118.jpg 1536w, https:\/\/www.skelleftejazz.se\/wp-content\/uploads\/2026\/01\/ek-2048x1491.jpg 2048w\" sizes=\"auto, (max-width: 1024px) 100vw, 1024px\" \/><\/figure><div class=\"wp-block-media-text__content\">\n<p>Till v\u00e4nster en bild fr\u00e5n Jokkmokks gamla kyrka. <\/p>\n\n\n\n<p>Bengt Ek kvintett best\u00e5r av Bengt Ek &#8211; klarinett o. Tenorsax, Petter Sundkvist &#8211; Piano, G\u00f6ran Persson &#8211; Gitarr, Rune Vesterlund &#8211; Kontrabas, Thomas Ryd\u00e9n &#8211; Trummor. <\/p>\n<\/div><\/div>\n\n\n\n<p>Bengt Ek har suttit m\u00e5nga \u00e5r som tenorist i Norrbotten Big Bands saxsektion men varken saxen eller klarinetten har hamnat p\u00e5 hyllan bara f\u00f6r att pensionsdagen infallit. \u00d6vriga musiker ocks\u00e5 knutna Norrbotten och Lule\u00e5 \/ Pite\u00e5 p\u00e5 olika s\u00e4tt.<\/p>\n\n\n\n<hr class=\"wp-block-separator has-alpha-channel-opacity\"\/>\n\n\n\n<h2 class=\"wp-block-heading\">Torsdag 12 mars 18:00 \u00c5rsm\u00f6te Ainas Kaf\u00e9<\/h2>\n\n\n\n<p>Vi har sedvanliga \u00e5rsm\u00f6tesf\u00f6rhandlingar kl 18:00 p\u00e5 Ainas Kaf\u00e9. Vi bjuder p\u00e5 fika och alla nomineringar \u00e4r klara. Ber\u00e4knad tid, runt en timme. Alla medlemmar v\u00e4lkomna.<\/p>\n\n\n\n<hr class=\"wp-block-separator has-alpha-channel-opacity\"\/>\n\n\n\n<h2 class=\"wp-block-heading\">L\u00f6rdag 14 mars 13:00 Jazzkaf\u00e9, Mattebo\/Adami Quintet<\/h2>\n\n\n\n<p>Sebastian Mattebo och Hampus Adami tillh\u00f6r den nya generationens h\u00f6gintressanta musiker, h\u00e4r i ett projekt som tar sin utg\u00e5ngspunkt fr\u00e5n Bob Brookmeyers 50- och 60-talsrepertoar med en egen spin!<\/p>\n\n\n\n<figure class=\"wp-block-image size-large\"><img loading=\"lazy\" decoding=\"async\" width=\"1024\" height=\"661\" src=\"https:\/\/www.skelleftejazz.se\/wp-content\/uploads\/2026\/01\/SebastianMattebo-1024x661.jpg\" alt=\"Foto: Jessica Arneback\" class=\"wp-image-5781\" srcset=\"https:\/\/www.skelleftejazz.se\/wp-content\/uploads\/2026\/01\/SebastianMattebo-1024x661.jpg 1024w, https:\/\/www.skelleftejazz.se\/wp-content\/uploads\/2026\/01\/SebastianMattebo-300x194.jpg 300w, https:\/\/www.skelleftejazz.se\/wp-content\/uploads\/2026\/01\/SebastianMattebo-768x496.jpg 768w, https:\/\/www.skelleftejazz.se\/wp-content\/uploads\/2026\/01\/SebastianMattebo-1536x992.jpg 1536w, https:\/\/www.skelleftejazz.se\/wp-content\/uploads\/2026\/01\/SebastianMattebo.jpg 1600w\" sizes=\"auto, (max-width: 1024px) 100vw, 1024px\" \/><figcaption class=\"wp-element-caption\">Foto: Jessica Arneback<\/figcaption><\/figure>\n\n\n\n<p>Hampus Adami mottog 2024&nbsp;<em>JazzBrazz<\/em>-stipendiet fr\u00e5n Laila och Charles Gavatins stiftelse f\u00f6r jazzmusik och har tidigare \u00e4ven mottagit Faschings v\u00e4nners prestigefulla stipendium. Tillsammans med sin kollega saxofonisten Sebastian Mattebo, en av \u00e5rets tre finalister i Kungliga musikaliska akademiens t\u00e4vling &#8221;Bl\u00e5smusikpriset Jazz&#8221;, bjuder han in till en konsert i Bob Brookmeyers anda. <\/p>\n\n\n\n<p>Musiker<strong>: <\/strong>Sebastian Mattebo &#8211; Saxofon, Hampus Adami &#8211; Trombon, Jonny Ek &#8211; Piano, Tomas Sj\u00f6dell &#8211; Bas, Jonas B\u00e4ckman &#8211; Trummor. S\u00e5 h\u00e4r kan det l\u00e5ta &#8211;&gt; <strong><a href=\"https:\/\/www.youtube.com\/watch?v=6hcEP48auW0&amp;authuser=0\" target=\"_blank\" rel=\"noreferrer noopener\">September in the rain.<\/a><\/strong><\/p>\n\n\n\n<p><em>Om Bob Brookmeyer:<\/em> Han spelade, precis som v\u00e5r egen Lasse Lystedt, ventilbasun och inte trombon \u00e4ven om det \u00e4r ett snarlikt instrument. Han bes\u00f6kte tillsammans med Stan Getz Skellefte\u00e5 (Anderstorpsaulan) f\u00f6r sis\u00e5d\u00e4r 30 eller 40 \u00e5r sedan.<\/p>\n\n\n\n<hr class=\"wp-block-separator has-alpha-channel-opacity\"\/>\n\n\n\n<h2 class=\"wp-block-heading\">L\u00f6rdag 28 mars 14:00, Sara Kulturhus scen 4,<br>Virginia MacDonald Quartet<\/h2>\n\n\n\n<p>V\u00e5rens amerikanska bes\u00f6k. Virginia MacDonald \u2013 klarinett, Mark Lewandowski \u2013 bas, Curtis Nowosad trummor, Bruce Barth- piano.<\/p>\n\n\n\n<figure class=\"wp-block-image size-large\"><img loading=\"lazy\" decoding=\"async\" width=\"1024\" height=\"780\" src=\"https:\/\/www.skelleftejazz.se\/wp-content\/uploads\/2026\/01\/Virginia-1024x780.webp\" alt=\"\" class=\"wp-image-5785\" srcset=\"https:\/\/www.skelleftejazz.se\/wp-content\/uploads\/2026\/01\/Virginia-1024x780.webp 1024w, https:\/\/www.skelleftejazz.se\/wp-content\/uploads\/2026\/01\/Virginia-300x229.webp 300w, https:\/\/www.skelleftejazz.se\/wp-content\/uploads\/2026\/01\/Virginia-768x585.webp 768w, https:\/\/www.skelleftejazz.se\/wp-content\/uploads\/2026\/01\/Virginia-1536x1170.webp 1536w, https:\/\/www.skelleftejazz.se\/wp-content\/uploads\/2026\/01\/Virginia.webp 2048w\" sizes=\"auto, (max-width: 1024px) 100vw, 1024px\" \/><figcaption class=\"wp-element-caption\">Simone Trotta har m\u00e5lat Virginia MacDonald<\/figcaption><\/figure>\n\n\n\n<p>Virginia tillh\u00f6r den nya generationen jazzmusiker som etablerat sig p\u00e5 den internationella jazzscenen. <br>\u00c5r 2020 vann Virginia den internationella klarinett\u00e4vlingen Clarinetist Corona Competition, hon har varit huvudartist vid International Clarinet Association\u2019s 50-\u00e5rsjubileum p\u00e5 ClarinetFest 2023 i Denver,<br>samt har hunnit vara g\u00e4startist med Orchestre National de Jazz de Montr\u00e9al vid premi\u00e4ren av Starbirth, en svit skriven f\u00f6r henne av huskomposit\u00f6ren Jean-Nicolas Trottier.<\/p>\n\n\n\n<p>Alla musiker i gruppen \u00e4r v\u00e4lrenommerade och erfarna musiker som &#8221;spelat med alla&#8221; som man brukar s\u00e4ga och alla har turnerat runt st\u00f6rre delen av jorden. <\/p>\n\n\n\n<p>Biljetter k\u00f6per du via denna l\u00e4nk. &#8211;&gt; <strong><a href=\"https:\/\/www.ticketmaster.se\/event\/1996157026?brand=se_sara&amp;language=sv-se\" target=\"_blank\" rel=\"noreferrer noopener\">H\u00c4R<\/a><\/strong>. 230.- f\u00f6r medlem, 280.- f\u00f6r \u00f6vriga. P\u00e5 Sara g\u00e4ller alltid f\u00f6rk\u00f6p men ev. \u00f6verblivna biljetter s\u00e4ljs vid d\u00f6rren. Betalas i s\u00e5 fall enbart med swish.<\/p>\n\n\n\n<p><strong>OBS! Tiden 14:00.<\/strong><\/p>\n\n\n\n<p>Konserten ges i samarbete med<\/p>\n\n\n\n<figure class=\"wp-block-image size-full is-resized\"><img loading=\"lazy\" decoding=\"async\" width=\"640\" height=\"536\" src=\"https:\/\/www.skelleftejazz.se\/wp-content\/uploads\/2026\/01\/Musik-Vasternorrland.jpg\" alt=\"\" class=\"wp-image-5813\" style=\"width:171px;height:auto\" srcset=\"https:\/\/www.skelleftejazz.se\/wp-content\/uploads\/2026\/01\/Musik-Vasternorrland.jpg 640w, https:\/\/www.skelleftejazz.se\/wp-content\/uploads\/2026\/01\/Musik-Vasternorrland-300x251.jpg 300w\" sizes=\"auto, (max-width: 640px) 100vw, 640px\" \/><\/figure>\n\n\n\n<p>Hemsida; <a href=\"https:\/\/virginiamacdonald.ca\/\" target=\"_blank\" rel=\"noreferrer noopener\">Virginia MacDonald \u2013 Clarinetist<\/a><\/p>\n\n\n\n<hr class=\"wp-block-separator has-alpha-channel-opacity\"\/>\n\n\n\n<h2 class=\"wp-block-heading\">L\u00f6rdag 11 april13:00 Jazzkaf\u00e9 Black Island Stompers.<\/h2>\n\n\n\n<div class=\"wp-block-media-text is-stacked-on-mobile\"><figure class=\"wp-block-media-text__media\"><img loading=\"lazy\" decoding=\"async\" width=\"320\" height=\"136\" src=\"https:\/\/www.skelleftejazz.se\/wp-content\/uploads\/2026\/01\/BlackIsland.jpeg\" alt=\"\" class=\"wp-image-5808 size-full\" srcset=\"https:\/\/www.skelleftejazz.se\/wp-content\/uploads\/2026\/01\/BlackIsland.jpeg 320w, https:\/\/www.skelleftejazz.se\/wp-content\/uploads\/2026\/01\/BlackIsland-300x128.jpeg 300w\" sizes=\"auto, (max-width: 320px) 100vw, 320px\" \/><\/figure><div class=\"wp-block-media-text__content\">\n<p>Black Island Stompers fr\u00e5n Lule\u00e5 spelar genuin New Orleans-jazz med<br>h\u00e4rlig s\u00e5ng, finurliga solon och mycket sv\u00e4ng. <\/p>\n<\/div><\/div>\n\n\n\n<p>I repertoaren finns musik av bl a Armstrong, en del Ellingtonkompositioner samt flera mer eller<br>mindre k\u00e4nda tradjazzl\u00e5tar. Till detta spelgl\u00e4dje och h\u00e4rliga riff som vuxit fram under de snart trettio \u00e5r vi spelat tillsammans. Bengt Ek &#8211; klarinett, Bj\u00f6rn Sj\u00f6\u00f6 &#8211; trombon, Christer \u00d6dberg &#8211; trumpet, Johan Andr\u00e9n &#8211; kontrabas, Mats Danell &#8211; trummor, Petter Sundkvist \u2013 piano<\/p>\n\n\n\n<hr class=\"wp-block-separator has-alpha-channel-opacity\"\/>\n\n\n\n<h2 class=\"wp-block-heading\">L\u00f6rdag 25 april 19:00 Jazzkonsert Nordan\u00e5teatern <\/h2>\n\n\n\n<figure class=\"wp-block-image size-large\"><img loading=\"lazy\" decoding=\"async\" width=\"1024\" height=\"576\" src=\"https:\/\/www.skelleftejazz.se\/wp-content\/uploads\/2026\/02\/sbbbs-1024x576.jpg\" alt=\"\" class=\"wp-image-5822\" srcset=\"https:\/\/www.skelleftejazz.se\/wp-content\/uploads\/2026\/02\/sbbbs-1024x576.jpg 1024w, https:\/\/www.skelleftejazz.se\/wp-content\/uploads\/2026\/02\/sbbbs-300x169.jpg 300w, https:\/\/www.skelleftejazz.se\/wp-content\/uploads\/2026\/02\/sbbbs-768x432.jpg 768w, https:\/\/www.skelleftejazz.se\/wp-content\/uploads\/2026\/02\/sbbbs-1536x864.jpg 1536w, https:\/\/www.skelleftejazz.se\/wp-content\/uploads\/2026\/02\/sbbbs.jpg 2048w\" sizes=\"auto, (max-width: 1024px) 100vw, 1024px\" \/><\/figure>\n\n\n\n<p>En sprakande storbandskonsert med musik fr\u00e5n Vita duken, dvs. filmer du sett och n\u00e5gra som du inte sett.&nbsp;<\/p>\n\n\n\n<p>Det finns oerh\u00f6rda m\u00e4ngder musik skriven f\u00f6r film, scen och cabaret som med tiden kommit att st\u00e5 f\u00f6r sig sj\u00e4lv l\u00e5ngt efter att sammanhanget d\u00e4r den ingick \u00e4r bortgl\u00f6mt. Men inte alla. Temat p\u00e5 \u201dJames Bond\u201d eller \u201dAtt ang\u00f6ra en brygga&#8221;&nbsp;kan nog n\u00e4stan alla nynna p\u00e5.&nbsp;<strong>&nbsp;<\/strong><\/p>\n\n\n\n<p><strong>Saga Eserstam<\/strong>; m\u00e5ngfacetterad sk\u00e5despelerska, manusf\u00f6rfattare och s\u00e5ngerska g\u00e4star som programv\u00e4rd och bandets egen <strong>Ulrica Lundmark<\/strong> tar ton i n\u00e5gra av filmhistoriens \u00f6rh\u00e4ngen. Musikalisk ledare \u00e4r som vanligt <strong>\u00c5sa Granlund Jonsson<\/strong>.<\/p>\n\n\n\n<p>Biljetter kommer att s\u00e4ljas p\u00e5 Ticketmaster eller p\u00e5 Visit Skellefte\u00e5. Biljetter sl\u00e4pps 16 februari. H\u00e4r finns l\u00e4nk till &#8211;&gt;<strong> <a href=\"https:\/\/www.ticketmaster.se\/event\/skelleftea-big-band-meets-the-big-screen-biljetter\/1231672790\" data-type=\"link\" data-id=\"https:\/\/www.ticketmaster.se\/event\/skelleftea-big-band-meets-the-big-screen-biljetter\/1231672790\" target=\"_blank\" rel=\"noreferrer noopener\">Ticketmaster<\/a><\/strong><\/p>\n\n\n\n<p>\u00d6verblivna biljetter kommer att s\u00e4ljas vid d\u00f6rren. Kort eller swish.<\/p>\n\n\n\n<hr class=\"wp-block-separator has-alpha-channel-opacity\"\/>\n\n\n\n<h2 class=\"wp-block-heading\">Torsdag 16 juli 19:00 Champian Fulton och Klas Lindquist, Sara kulturhus, scen 4.<\/h2>\n\n\n\n<div class=\"wp-block-media-text has-media-on-the-right is-stacked-on-mobile\"><div class=\"wp-block-media-text__content\">\n<p>F\u00f6lj med oss p\u00e5 en of\u00f6rgl\u00f6mlig jazzkv\u00e4ll med duon Champian Fulton och Klas Lindquist.<\/p>\n\n\n\n<p>Pianisten och s\u00e5ngerskan Champian Fulton, f\u00f6dd i Oklahoma men numera baserad i New York hyllas som &#8221;en charmig ung f\u00f6rvaltare av den etablerade jazztraditionen&#8221; (The New York Times), d\u00e4r hon blandar m\u00e4sterligt pianospel med en r\u00f6st som p\u00e5minner om Billie Holiday och Dinah Washington. <\/p>\n<\/div><figure class=\"wp-block-media-text__media\"><img loading=\"lazy\" decoding=\"async\" width=\"1024\" height=\"731\" src=\"https:\/\/www.skelleftejazz.se\/wp-content\/uploads\/2026\/03\/KlasandChampianbytheElephant-1024x731.jpg\" alt=\"\" class=\"wp-image-5842 size-full\" srcset=\"https:\/\/www.skelleftejazz.se\/wp-content\/uploads\/2026\/03\/KlasandChampianbytheElephant-1024x731.jpg 1024w, https:\/\/www.skelleftejazz.se\/wp-content\/uploads\/2026\/03\/KlasandChampianbytheElephant-300x214.jpg 300w, https:\/\/www.skelleftejazz.se\/wp-content\/uploads\/2026\/03\/KlasandChampianbytheElephant-768x549.jpg 768w, https:\/\/www.skelleftejazz.se\/wp-content\/uploads\/2026\/03\/KlasandChampianbytheElephant-1536x1097.jpg 1536w, https:\/\/www.skelleftejazz.se\/wp-content\/uploads\/2026\/03\/KlasandChampianbytheElephant-2048x1463.jpg 2048w\" sizes=\"auto, (max-width: 1024px) 100vw, 1024px\" \/><\/figure><\/div>\n\n\n\n<p>Tillsammans med Klas Lindquist p\u00e5 altsaxofon- och klarinett, k\u00e4nd f\u00f6r sin &#8221;tekniska briljans, fantasi och stil&#8221; (G\u00f6teborgs-Posten), levererar denna duo ett livfullt samtal runt jazzstandards. Deras senaste album, At Home (Turtle Bay Records, 2025), spelades in i en intim vardagsrumsmilj\u00f6 och f\u00e5ngar en avslappnad kemi med djup respekt f\u00f6r den jazztraditionen. Liksom albumet lovar kv\u00e4llens framtr\u00e4dande att vara fyllt av v\u00e4rme och spontanitet.<\/p>\n\n\n\n<p>Den h\u00e4r konserten belyser duons extraordin\u00e4ra synergi, skapad genom flera \u00e5rs samarbete, inklusive sluts\u00e5lda spelningar p\u00e5 Copenhagen Jazz Festival, New York Citys ber\u00f6mda Birdland Jazz Club och Stockholms Fasching. Med Fultons piano och s\u00e5ng som \u00e4r b\u00e5de tidl\u00f6s och fr\u00e4sch, och Lindquists lyriska frasering, \u00e5terskapar de klassiker som &#8221;The Very Thought of You&#8221; och &#8221;Tea for Two&#8221; tillsammans med sina egna originalkompositioner. Som den Grammy-vinnande historikern Ricky Riccardi skriver i inledningen till &#8221;At Home&#8221;, uppn\u00e5r deras samspel &#8221;en niv\u00e5 av h\u00f6g konst&#8221;.&nbsp;<\/p>\n\n\n\n<p>Missa inte denna chans att uppleva tv\u00e5 av jazzens mest f\u00e4ngslande artister i en intim milj\u00f6.<\/p>\n\n\n\n<p>Biljetter bokas &#8211;> H\u00c4R Priser: 240.- f\u00f6r Bostons medlemmar, 290.- f\u00f6r \u00f6vriga. Studerande 80<br>P\u00e5 Skellefte\u00e5 Turistcenter tillkommer serviceavgift om 30.- per biljett.<\/p>\n\n\n\n<p>\u00d6verblivna biljetter s\u00e4ljs vid d\u00f6rren, betalas med swish (endast)<\/p>\n\n\n\n<p><\/p>\n","protected":false},"excerpt":{"rendered":"<p>V\u00e5ren 2026 H\u00e4r nedan hittar du v\u00e5rens program. Som vanligt blir de flesta evenemangen p\u00e5 restaurang DFC (Din Fest p\u00e5 Campus) kl 13:00. Denna termin blir det l\u00f6rdagar udda veckor om inte annat annonseras. Intr\u00e4de erl\u00e4gger man vid d\u00f6rren. Kort eller swish. 150 kr f\u00f6r medlem och 200 f\u00f6r \u00f6vriga. Ungdom gratis. Restaurangen har gott&hellip; <a href=\"https:\/\/www.skelleftejazz.se\/?page_id=5342\" class=\"read-more\">Forts\u00e4tt l\u00e4sa Aktuellt program<\/a><\/p>\n","protected":false},"author":1,"featured_media":0,"parent":0,"menu_order":0,"comment_status":"closed","ping_status":"closed","template":"templates\/no-widgets-or-comments.php","meta":{"footnotes":""},"class_list":["post-5342","page","type-page","status-publish","hentry"],"_links":{"self":[{"href":"https:\/\/www.skelleftejazz.se\/index.php?rest_route=\/wp\/v2\/pages\/5342","targetHints":{"allow":["GET"]}}],"collection":[{"href":"https:\/\/www.skelleftejazz.se\/index.php?rest_route=\/wp\/v2\/pages"}],"about":[{"href":"https:\/\/www.skelleftejazz.se\/index.php?rest_route=\/wp\/v2\/types\/page"}],"author":[{"embeddable":true,"href":"https:\/\/www.skelleftejazz.se\/index.php?rest_route=\/wp\/v2\/users\/1"}],"replies":[{"embeddable":true,"href":"https:\/\/www.skelleftejazz.se\/index.php?rest_route=%2Fwp%2Fv2%2Fcomments&post=5342"}],"version-history":[{"count":132,"href":"https:\/\/www.skelleftejazz.se\/index.php?rest_route=\/wp\/v2\/pages\/5342\/revisions"}],"predecessor-version":[{"id":5865,"href":"https:\/\/www.skelleftejazz.se\/index.php?rest_route=\/wp\/v2\/pages\/5342\/revisions\/5865"}],"wp:attachment":[{"href":"https:\/\/www.skelleftejazz.se\/index.php?rest_route=%2Fwp%2Fv2%2Fmedia&parent=5342"}],"curies":[{"name":"wp","href":"https:\/\/api.w.org\/{rel}","templated":true}]}}