{"id":5183,"date":"2024-01-05T17:19:40","date_gmt":"2024-01-05T16:19:40","guid":{"rendered":"https:\/\/www.skelleftejazz.se\/?page_id=5183"},"modified":"2026-04-27T10:38:02","modified_gmt":"2026-04-27T09:38:02","slug":"aktuellt-program","status":"publish","type":"page","link":"https:\/\/www.skelleftejazz.se\/?page_id=5183","title":{"rendered":"Tidigare program"},"content":{"rendered":"\n<hr class=\"wp-block-separator has-alpha-channel-opacity\"\/>\n\n\n\n<p>S\u00e5 h\u00e4r g\u00f6r du f\u00f6r att s\u00f6ka bland tidigare evenemang. Skriv ett l\u00e4mpligt s\u00f6kord i rutan till h\u00f6ger och tryck p\u00e5 s\u00f6k. Om du vill kan du ange <\/p>\n\n\n\n<p><\/p>\n","protected":false},"excerpt":{"rendered":"<p>S\u00e5 h\u00e4r g\u00f6r du f\u00f6r att s\u00f6ka bland tidigare evenemang. Skriv ett l\u00e4mpligt s\u00f6kord i rutan till h\u00f6ger och tryck p\u00e5 s\u00f6k. Om du vill kan du ange<\/p>\n","protected":false},"author":1,"featured_media":0,"parent":0,"menu_order":0,"comment_status":"closed","ping_status":"closed","template":"","meta":{"footnotes":""},"class_list":["post-5183","page","type-page","status-publish","hentry"],"_links":{"self":[{"href":"https:\/\/www.skelleftejazz.se\/index.php?rest_route=\/wp\/v2\/pages\/5183","targetHints":{"allow":["GET"]}}],"collection":[{"href":"https:\/\/www.skelleftejazz.se\/index.php?rest_route=\/wp\/v2\/pages"}],"about":[{"href":"https:\/\/www.skelleftejazz.se\/index.php?rest_route=\/wp\/v2\/types\/page"}],"author":[{"embeddable":true,"href":"https:\/\/www.skelleftejazz.se\/index.php?rest_route=\/wp\/v2\/users\/1"}],"replies":[{"embeddable":true,"href":"https:\/\/www.skelleftejazz.se\/index.php?rest_route=%2Fwp%2Fv2%2Fcomments&post=5183"}],"version-history":[{"count":50,"href":"https:\/\/www.skelleftejazz.se\/index.php?rest_route=\/wp\/v2\/pages\/5183\/revisions"}],"predecessor-version":[{"id":5875,"href":"https:\/\/www.skelleftejazz.se\/index.php?rest_route=\/wp\/v2\/pages\/5183\/revisions\/5875"}],"wp:attachment":[{"href":"https:\/\/www.skelleftejazz.se\/index.php?rest_route=%2Fwp%2Fv2%2Fmedia&parent=5183"}],"curies":[{"name":"wp","href":"https:\/\/api.w.org\/{rel}","templated":true}]}}