{"id":4981,"date":"2023-05-26T16:05:06","date_gmt":"2023-05-26T15:05:06","guid":{"rendered":"https:\/\/www.skelleftejazz.se\/?page_id=4981"},"modified":"2026-04-25T21:05:29","modified_gmt":"2026-04-25T20:05:29","slug":"jazzmyran","status":"publish","type":"page","link":"https:\/\/www.skelleftejazz.se\/?page_id=4981","title":{"rendered":"Jazzmyran"},"content":{"rendered":"\n<figure class=\"wp-block-image size-full\"><img loading=\"lazy\" decoding=\"async\" width=\"536\" height=\"550\" src=\"https:\/\/www.skelleftejazz.se\/wp-content\/uploads\/2023\/06\/myra2-kopiax.jpg\" alt=\"\" class=\"wp-image-5004\" srcset=\"https:\/\/www.skelleftejazz.se\/wp-content\/uploads\/2023\/06\/myra2-kopiax.jpg 536w, https:\/\/www.skelleftejazz.se\/wp-content\/uploads\/2023\/06\/myra2-kopiax-292x300.jpg 292w\" sizes=\"auto, (max-width: 536px) 100vw, 536px\" \/><\/figure>\n\n\n\n<p><strong>Jazzmyran<\/strong> \u00e4r ett litet stipendium som Jazzklubben Boston delar ut varje \u00e5r till n\u00e5gon i n\u00e4romr\u00e5det som visat intresse f\u00f6r musik och som p\u00e5 ett eller annat s\u00e4tt bidragit till Skellefte\u00e5s musikliv. Stipendiet kan delas ut till enskild person, en grupp eller en organisation. Stipendiet i f\u00f6rsta hand avsett f\u00f6r ungdomar och ungdomssatsningar.<\/p>\n\n\n\n<p>Nomineringsprocessen \u00e4r \u00f6ppen vilket ger musikf\u00f6reningar, musikskolor och privatpersoner m\u00f6jlighet att nominera kandidat. Jazzklubben Bostons styrelse utser stipendiat.<\/p>\n\n\n\n<p>Stipendiaten erh\u00e5ller en liten slant p\u00e5 kontot samt ett diplom som minne. Stipendiet finansieras helt genom g\u00e5vor och vi tackar speciellt Boliden Big Band som donerat en grundpl\u00e5t.<\/p>\n\n\n\n<p><em>Vill du st\u00f6tta Jazzmyran? L\u00e4mna g\u00e4rna ett bidrag p\u00e5 Plusgiro 73 71 17-2 eller Swish p\u00e5 nr 123 57 85 415. Skriv Jazzmyran som meddelande s\u00e5 hamnar pengarna r\u00e4tt. <\/em><\/p>\n\n\n\n<p><strong>Tidigare pristagare har varit<\/strong><\/p>\n\n\n\n<p>2020 Alvin Jonsson och Jakob H\u00e4llgren. Delat pris.<\/p>\n\n\n\n<p>2021 Alexander Eriksson<\/p>\n\n\n\n<p>2022&nbsp;Noel Holmberg<\/p>\n\n\n\n<p>2023&nbsp;Aaron Lindqvist och Petrus Holmgren. Delat pris.<\/p>\n\n\n\n<p>2024 Cimberly Malaika Wanyonyi<\/p>\n\n\n\n<p>2025 Kulturf\u00f6reningen Mullberget<\/p>\n\n\n\n<p>2026 Levi Jonsson<\/p>\n\n\n\n<p><\/p>\n","protected":false},"excerpt":{"rendered":"<p>Jazzmyran \u00e4r ett litet stipendium som Jazzklubben Boston delar ut varje \u00e5r till n\u00e5gon i n\u00e4romr\u00e5det som visat intresse f\u00f6r musik och som p\u00e5 ett eller annat s\u00e4tt bidragit till Skellefte\u00e5s musikliv. Stipendiet kan delas ut till enskild person, en grupp eller en organisation. Stipendiet i f\u00f6rsta hand avsett f\u00f6r ungdomar och ungdomssatsningar. Nomineringsprocessen \u00e4r&hellip; <a href=\"https:\/\/www.skelleftejazz.se\/?page_id=4981\" class=\"read-more\">Forts\u00e4tt l\u00e4sa Jazzmyran<\/a><\/p>\n","protected":false},"author":1,"featured_media":0,"parent":0,"menu_order":0,"comment_status":"closed","ping_status":"closed","template":"templates\/no-widgets-or-comments.php","meta":{"footnotes":""},"class_list":["post-4981","page","type-page","status-publish","hentry"],"_links":{"self":[{"href":"https:\/\/www.skelleftejazz.se\/index.php?rest_route=\/wp\/v2\/pages\/4981","targetHints":{"allow":["GET"]}}],"collection":[{"href":"https:\/\/www.skelleftejazz.se\/index.php?rest_route=\/wp\/v2\/pages"}],"about":[{"href":"https:\/\/www.skelleftejazz.se\/index.php?rest_route=\/wp\/v2\/types\/page"}],"author":[{"embeddable":true,"href":"https:\/\/www.skelleftejazz.se\/index.php?rest_route=\/wp\/v2\/users\/1"}],"replies":[{"embeddable":true,"href":"https:\/\/www.skelleftejazz.se\/index.php?rest_route=%2Fwp%2Fv2%2Fcomments&post=4981"}],"version-history":[{"count":11,"href":"https:\/\/www.skelleftejazz.se\/index.php?rest_route=\/wp\/v2\/pages\/4981\/revisions"}],"predecessor-version":[{"id":5871,"href":"https:\/\/www.skelleftejazz.se\/index.php?rest_route=\/wp\/v2\/pages\/4981\/revisions\/5871"}],"wp:attachment":[{"href":"https:\/\/www.skelleftejazz.se\/index.php?rest_route=%2Fwp%2Fv2%2Fmedia&parent=4981"}],"curies":[{"name":"wp","href":"https:\/\/api.w.org\/{rel}","templated":true}]}}