{"id":4234,"date":"2020-08-25T15:10:35","date_gmt":"2020-08-25T14:10:35","guid":{"rendered":"http:\/\/www.skelleftejazz.se\/?page_id=4234"},"modified":"2026-03-25T20:31:12","modified_gmt":"2026-03-25T19:31:12","slug":"biljetter","status":"publish","type":"page","link":"https:\/\/www.skelleftejazz.se\/?page_id=4234","title":{"rendered":"Biljetter"},"content":{"rendered":"\n<p>Biljetter till v\u00e5ra f\u00f6rest\u00e4llningar s\u00e4ljs vanligtvis vid d\u00f6rren. <\/p>\n\n\n\n<p>Priset kan variera beroende p\u00e5 lokal och artist men i princip 150.- f\u00f6r medlemmar och 200.- f\u00f6r \u00f6vriga. Barn, ledsagare och ungdom gratis. Vid f\u00f6rk\u00f6p m\u00e5ste dock f\u00f6rk\u00f6psavgift betalas \u00e4ven f\u00f6r dessa.<\/p>\n\n\n\n<p>Sommarmusik p\u00e5 utomhusscener gratis men kanske med m\u00f6jlighet att ge en frivillig entr\u00e9.<\/p>\n\n\n\n<p>Hur man blir medlem hittar du &#8211;> <a href=\"https:\/\/www.skelleftejazz.se\/?page_id=92\"><strong><span style=\"background-color:rgba(0, 0, 0, 0)\" class=\"has-inline-color has-vivid-cyan-blue-color\">H\u00c4R<\/span><\/strong><\/a><br>I de fall f\u00f6rk\u00f6p annonseras s\u00e5 handlar du p\u00e5 n\u00e4tet (Vanligen Ticketmaster) eller \u00f6ver disk p\u00e5:<\/p>\n\n\n\n<p><strong>Skellefte\u00e5 Turistcenter<br>Nygatan 42G<br>S-931 31 Skellefte\u00e5<br>Ph +46 (0) 910 \u2013 45 25 10<\/strong><\/p>\n\n\n\n<p>L\u00e4nk till &#8211;> <a href=\"https:\/\/www.ticketmaster.se\/?gclid=EAIaIQobChMI-uW77oa-9QIVawWiAx2EhAVZEAAYASAAEgI5zvD_BwE&amp;gclsrc=aw.ds\" target=\"_blank\" rel=\"noreferrer noopener\"><span style=\"background-color:rgba(0, 0, 0, 0)\" class=\"has-inline-color has-vivid-cyan-blue-color\"><strong>Ticketmaster<\/strong><\/span><\/a><\/p>\n\n\n\n<p>OBS! P\u00e5 Skellefte\u00e5 Turistcenter tillkommer serviceavgift.<\/p>\n","protected":false},"excerpt":{"rendered":"<p>Biljetter till v\u00e5ra f\u00f6rest\u00e4llningar s\u00e4ljs vanligtvis vid d\u00f6rren. Priset kan variera beroende p\u00e5 lokal och artist men i princip 150.- f\u00f6r medlemmar och 200.- f\u00f6r \u00f6vriga. Barn, ledsagare och ungdom gratis. Vid f\u00f6rk\u00f6p m\u00e5ste dock f\u00f6rk\u00f6psavgift betalas \u00e4ven f\u00f6r dessa. Sommarmusik p\u00e5 utomhusscener gratis men kanske med m\u00f6jlighet att ge en frivillig entr\u00e9. Hur man&hellip; <a href=\"https:\/\/www.skelleftejazz.se\/?page_id=4234\" class=\"read-more\">Forts\u00e4tt l\u00e4sa Biljetter<\/a><\/p>\n","protected":false},"author":1,"featured_media":0,"parent":0,"menu_order":0,"comment_status":"closed","ping_status":"closed","template":"templates\/no-sidebar.php","meta":{"footnotes":""},"class_list":["post-4234","page","type-page","status-publish","hentry"],"_links":{"self":[{"href":"https:\/\/www.skelleftejazz.se\/index.php?rest_route=\/wp\/v2\/pages\/4234","targetHints":{"allow":["GET"]}}],"collection":[{"href":"https:\/\/www.skelleftejazz.se\/index.php?rest_route=\/wp\/v2\/pages"}],"about":[{"href":"https:\/\/www.skelleftejazz.se\/index.php?rest_route=\/wp\/v2\/types\/page"}],"author":[{"embeddable":true,"href":"https:\/\/www.skelleftejazz.se\/index.php?rest_route=\/wp\/v2\/users\/1"}],"replies":[{"embeddable":true,"href":"https:\/\/www.skelleftejazz.se\/index.php?rest_route=%2Fwp%2Fv2%2Fcomments&post=4234"}],"version-history":[{"count":32,"href":"https:\/\/www.skelleftejazz.se\/index.php?rest_route=\/wp\/v2\/pages\/4234\/revisions"}],"predecessor-version":[{"id":5856,"href":"https:\/\/www.skelleftejazz.se\/index.php?rest_route=\/wp\/v2\/pages\/4234\/revisions\/5856"}],"wp:attachment":[{"href":"https:\/\/www.skelleftejazz.se\/index.php?rest_route=%2Fwp%2Fv2%2Fmedia&parent=4234"}],"curies":[{"name":"wp","href":"https:\/\/api.w.org\/{rel}","templated":true}]}}