{"id":33,"date":"2007-01-24T00:21:24","date_gmt":"2007-01-23T23:21:24","guid":{"rendered":"http:\/\/www.skelleftejazz.nu\/?page_id=33"},"modified":"2025-01-14T18:18:48","modified_gmt":"2025-01-14T17:18:48","slug":"bra-lankar","status":"publish","type":"page","link":"https:\/\/www.skelleftejazz.se\/?page_id=33","title":{"rendered":"L\u00e4nkar"},"content":{"rendered":"\n<ul class=\"wp-block-list\">\n<li><a href=\"http:\/\/www.digjazz.se\/\" target=\"_blank\" rel=\"noopener noreferrer\">Digjazz<\/a> (Hur mycket som helst att l\u00e4sa!)<\/li>\n\n\n\n<li><a href=\"http:\/\/www.umeajazzfestival.se\/\" target=\"_blank\" rel=\"noopener noreferrer\">Ume\u00e5 Jazzfestival<\/a><\/li>\n\n\n\n<li><a href=\"http:\/\/umeajazzstudio.se\/\" target=\"_blank\" rel=\"noopener noreferrer\">Jazz i Studion, Ume\u00e5<\/a><\/li>\n\n\n\n<li><a href=\"https:\/\/www.jazzpitea.se\/\" target=\"_blank\" rel=\"noopener noreferrer\">Jazz i Pite\u00e5<\/a><\/li>\n\n\n\n<li><a href=\"http:\/\/www.perdido.se\/\" target=\"_blank\" rel=\"noopener noreferrer\">Perdido i \u00d6-vik<\/a><\/li>\n\n\n\n<li>Perdidos egen Jazzradio! Klicka &#8211;&gt; <a href=\"https:\/\/www.radioovik.se\/category\/perdido\/\"><strong>H\u00c4R!<\/strong><\/a><\/li>\n\n\n\n<li><a href=\"http:\/\/www.obackajazzoblues.se\/\" target=\"_blank\" rel=\"noopener noreferrer\">\u00d6backa Jazz &amp; Blues i H\u00e4rn\u00f6sand<\/a><\/li>\n\n\n\n<li><a href=\"http:\/\/jazzklubbensundsvall.se\/\" target=\"_blank\" rel=\"noopener noreferrer\">Sundsvall<\/a><\/li>\n\n\n\n<li><a href=\"https:\/\/www.jazzijemtland.se\/\" target=\"_blank\" rel=\"noreferrer noopener\">Jazz i Jemtland<\/a> (\u00d6stersund)<\/li>\n\n\n\n<li><a href=\"https:\/\/www.glennmillercafe.se\/\" target=\"_blank\" rel=\"noopener noreferrer\">Glen Miller Caf\u00e9<\/a><\/li>\n\n\n\n<li><a href=\"http:\/\/www.stampen.se\/\" target=\"_blank\" rel=\"noopener noreferrer\">Stampen<\/a><\/li>\n\n\n\n<li><a href=\"http:\/\/www.fasching.se\/\" target=\"_blank\" rel=\"noopener noreferrer\">Fashing<\/a><\/li>\n\n\n\n<li><a href=\"http:\/\/www.stockholmjazz.com\/\" target=\"_blank\" rel=\"noopener noreferrer\">Stockholm Jazzfestival<\/a><\/li>\n\n\n\n<li><a href=\"http:\/\/www.svenskjazz.se\/\" target=\"_blank\" rel=\"noopener noreferrer\">Svenska jazzriksf\u00f6rbundet<\/a> (Heter numera &#8221;Svensk Jazz&#8221;)<\/li>\n\n\n\n<li><a href=\"https:\/\/www.visitskelleftea.se\/sv\/\" target=\"_blank\" rel=\"noopener\">Visit Skellefte\u00e5<\/a> (Tidigare Skellefte\u00e5 turistbyr\u00e5!)<\/li>\n\n\n\n<li><a href=\"https:\/\/www.sarakulturhus.se\/sv\/\" target=\"_blank\" rel=\"noopener\">Sara Kulturhus<\/a>&nbsp;<\/li>\n\n\n\n<li><a href=\"http:\/\/www.mais.se\/\" target=\"_blank\" rel=\"noopener noreferrer\">Musikarrang\u00f6rer i samverkan<\/a><\/li>\n\n\n\n<li><a href=\"http:\/\/www.orkesterjournalen.com\/\" target=\"_blank\" rel=\"noopener noreferrer\">Orkesterjournalen<\/a><\/li>\n\n\n\n<li><a href=\"http:\/\/www.kulturenshus.com\/\" target=\"_blank\" rel=\"noopener noreferrer\">Kulturens hus i Lule\u00e5<\/a><\/li>\n\n\n\n<li><a rel=\"noopener noreferrer\" href=\"http:\/\/skellefteamusikkar.se\/\" target=\"_blank\">Skellefte\u00e5 Musikk\u00e5r<\/a><\/li>\n<\/ul>\n\n\n\n<p><\/p>\n\n\n\n<p><\/p>\n","protected":false},"excerpt":{"rendered":"","protected":false},"author":2,"featured_media":0,"parent":0,"menu_order":0,"comment_status":"closed","ping_status":"closed","template":"templates\/no-sidebar.php","meta":{"footnotes":""},"class_list":["post-33","page","type-page","status-publish","hentry"],"_links":{"self":[{"href":"https:\/\/www.skelleftejazz.se\/index.php?rest_route=\/wp\/v2\/pages\/33","targetHints":{"allow":["GET"]}}],"collection":[{"href":"https:\/\/www.skelleftejazz.se\/index.php?rest_route=\/wp\/v2\/pages"}],"about":[{"href":"https:\/\/www.skelleftejazz.se\/index.php?rest_route=\/wp\/v2\/types\/page"}],"author":[{"embeddable":true,"href":"https:\/\/www.skelleftejazz.se\/index.php?rest_route=\/wp\/v2\/users\/2"}],"replies":[{"embeddable":true,"href":"https:\/\/www.skelleftejazz.se\/index.php?rest_route=%2Fwp%2Fv2%2Fcomments&post=33"}],"version-history":[{"count":36,"href":"https:\/\/www.skelleftejazz.se\/index.php?rest_route=\/wp\/v2\/pages\/33\/revisions"}],"predecessor-version":[{"id":5518,"href":"https:\/\/www.skelleftejazz.se\/index.php?rest_route=\/wp\/v2\/pages\/33\/revisions\/5518"}],"wp:attachment":[{"href":"https:\/\/www.skelleftejazz.se\/index.php?rest_route=%2Fwp%2Fv2%2Fmedia&parent=33"}],"curies":[{"name":"wp","href":"https:\/\/api.w.org\/{rel}","templated":true}]}}