{"id":3169,"date":"2017-04-12T21:55:34","date_gmt":"2017-04-12T20:55:34","guid":{"rendered":"http:\/\/www.skelleftejazz.se\/?page_id=3169"},"modified":"2025-05-08T20:56:41","modified_gmt":"2025-05-08T19:56:41","slug":"tillganglighet","status":"publish","type":"page","link":"https:\/\/www.skelleftejazz.se\/?page_id=3169","title":{"rendered":"Tillg\u00e4nglighet \/ adresser"},"content":{"rendered":"\n<p>Vi har n\u00e5gra olika spelplatser. Se ocks\u00e5 kartbild l\u00e4ngst ned.<br><strong>Restaurang Din Fest p\u00e5 Campus. V\u00e5r hemmaplan.\u00a0<\/strong><br>Gott om parkeringsplatser i n\u00e4rheten.<br>Vi har inga trappor.<br>Vi har handikappanpassad toalett.<br>Rullstol inget hinder.<br>Lokalen har inte ljudslinga \/ h\u00f6rhj\u00e4lpmedel.<br>Lokalen har delvis svag belysning.<br>Kaf\u00e9dukning, dvs man sitter vid dukade bord och skramlar med kaffekoppar och njuter bakverk eller matiga mackor. Fullst\u00e4ndiga r\u00e4ttigheter.<br>H\u00e4r f\u00e5r man in c:a 200 personer.<br><strong>Bes\u00f6ksadress:<\/strong> Laboratorgr\u00e4nd 11, Skellefte\u00e5<br>Tel till restaurangen: 076-777 33 19<\/p>\n\n\n\n<p><strong>SARA Kulturhus<br><\/strong>Se deras <span style=\"color: #3366ff;\"><strong><a style=\"color: #3366ff;\" href=\"https:\/\/www.sarakulturhus.se\/sv\/\" target=\"_blank\" rel=\"noopener\">hemsida<\/a> <\/strong><\/span>f\u00f6r mer information, H\u00e4r finns flera scener, bra med hj\u00e4lpmedel av alla de slag, l\u00e4tt att hitta och flera parkeringar i n\u00e4rheten. Scener f\u00f6r mellan 100 och 1 200 personer.<br>Adress: Kanalgatan 43b (Scening\u00e5ng Torggatan 7 och inlastning Torggatan 9)<\/p>\n\n\n\n<p><strong>Nordan\u00e5teatern<br><\/strong>Gott om parkeringsplatser i n\u00e4rheten av teatern.<br>Vi har har trappor med kontrasttejp \/ ledst\u00e4nger \/ ramp.<br>Vi har hiss.<br>Vi har handikappanpassad toalett.<br>Lokalen har ljudslinga \/ h\u00f6rhj\u00e4lpmedel.<br>4 rullstolsplatser.<br>425 numrerade platser, bra scen, fin flygel.<br><strong>Bes\u00f6ksadress:<\/strong> Nordan\u00e5 kulturcentrum men scening\u00e5ng n\u00e5s via Nordlandergatans f\u00f6rl\u00e4ngning s\u00f6derut.<\/p>\n\n\n\n<p><strong>Nordan\u00e5parken (utomhus)<br><\/strong>Parkering finns i n\u00e4romr\u00e5det.<br>N\u00e5got kuperade g\u00e5ngv\u00e4gar men rullstolsv\u00e4nligt.<br>Toaletter saknas.<br>Ingen&nbsp;ljudslinga \/ h\u00f6rhj\u00e4lpmedel.<br>10 &#8211; 15 rullstolsplatser.<br>Adress:&nbsp;Nordan\u00e5parken.<\/p>\n\n\n\n<p><strong>Kurjovikens Sj\u00f6krog (utomhus)<\/strong><br>Parkering finns i n\u00e4romr\u00e5det.<br>N\u00e5got kuperade g\u00e5ngv\u00e4gar men rullstolsv\u00e4nligt.<br>Toaletter finns<br>Ingen&nbsp;ljudslinga \/ h\u00f6rhj\u00e4lpmedel.<br>Adress:&nbsp;Br\u00e4dg\u00e5rdsv\u00e4gen 1<\/p>\n\n\n\n<p><\/p>\n\n\n\n<p><strong>Postadress till Jazzklubben<\/strong><br>Jazzklubben Boston<br>c\/o \u00c5kerstr\u00f6m<br>Lotsv\u00e4gen 7<br>932 31 Skelleftehamn<\/p>\n\n\n\n<p>Tel 070-318 83 18 mail: mats@akerstrom.nu<\/p>\n\n\n\n<figure class=\"wp-block-image size-full\"><img loading=\"lazy\" decoding=\"async\" width=\"922\" height=\"781\" src=\"https:\/\/www.skelleftejazz.se\/wp-content\/uploads\/2025\/05\/Vagbeskrivningar.jpg\" alt=\"\" class=\"wp-image-5626\" srcset=\"https:\/\/www.skelleftejazz.se\/wp-content\/uploads\/2025\/05\/Vagbeskrivningar.jpg 922w, https:\/\/www.skelleftejazz.se\/wp-content\/uploads\/2025\/05\/Vagbeskrivningar-300x254.jpg 300w, https:\/\/www.skelleftejazz.se\/wp-content\/uploads\/2025\/05\/Vagbeskrivningar-768x651.jpg 768w\" sizes=\"auto, (max-width: 922px) 100vw, 922px\" \/><\/figure>\n","protected":false},"excerpt":{"rendered":"<p>Vi har n\u00e5gra olika spelplatser. Se ocks\u00e5 kartbild l\u00e4ngst ned.Restaurang Din Fest p\u00e5 Campus. V\u00e5r hemmaplan.\u00a0Gott om parkeringsplatser i n\u00e4rheten.Vi har inga trappor.Vi har handikappanpassad toalett.Rullstol inget hinder.Lokalen har inte ljudslinga \/ h\u00f6rhj\u00e4lpmedel.Lokalen har delvis svag belysning.Kaf\u00e9dukning, dvs man sitter vid dukade bord och skramlar med kaffekoppar och njuter bakverk eller matiga mackor. Fullst\u00e4ndiga r\u00e4ttigheter.H\u00e4r&hellip; <a href=\"https:\/\/www.skelleftejazz.se\/?page_id=3169\" class=\"read-more\">Forts\u00e4tt l\u00e4sa Tillg\u00e4nglighet \/ adresser<\/a><\/p>\n","protected":false},"author":1,"featured_media":0,"parent":20,"menu_order":0,"comment_status":"closed","ping_status":"closed","template":"templates\/no-sidebar.php","meta":{"footnotes":""},"class_list":["post-3169","page","type-page","status-publish","hentry"],"_links":{"self":[{"href":"https:\/\/www.skelleftejazz.se\/index.php?rest_route=\/wp\/v2\/pages\/3169","targetHints":{"allow":["GET"]}}],"collection":[{"href":"https:\/\/www.skelleftejazz.se\/index.php?rest_route=\/wp\/v2\/pages"}],"about":[{"href":"https:\/\/www.skelleftejazz.se\/index.php?rest_route=\/wp\/v2\/types\/page"}],"author":[{"embeddable":true,"href":"https:\/\/www.skelleftejazz.se\/index.php?rest_route=\/wp\/v2\/users\/1"}],"replies":[{"embeddable":true,"href":"https:\/\/www.skelleftejazz.se\/index.php?rest_route=%2Fwp%2Fv2%2Fcomments&post=3169"}],"version-history":[{"count":12,"href":"https:\/\/www.skelleftejazz.se\/index.php?rest_route=\/wp\/v2\/pages\/3169\/revisions"}],"predecessor-version":[{"id":5627,"href":"https:\/\/www.skelleftejazz.se\/index.php?rest_route=\/wp\/v2\/pages\/3169\/revisions\/5627"}],"up":[{"embeddable":true,"href":"https:\/\/www.skelleftejazz.se\/index.php?rest_route=\/wp\/v2\/pages\/20"}],"wp:attachment":[{"href":"https:\/\/www.skelleftejazz.se\/index.php?rest_route=%2Fwp%2Fv2%2Fmedia&parent=3169"}],"curies":[{"name":"wp","href":"https:\/\/api.w.org\/{rel}","templated":true}]}}